{"id":555,"date":"2014-01-28T08:31:53","date_gmt":"2014-01-28T08:31:53","guid":{"rendered":"http:\/\/www.anadolupnomatik.com.tr\/?page_id=555"},"modified":"2014-01-29T08:38:19","modified_gmt":"2014-01-29T08:38:19","slug":"baglanti-elemanlari","status":"publish","type":"page","link":"https:\/\/www.anadolupnomatik.com.tr\/?page_id=555","title":{"rendered":"ba\u011flant\u0131 elemanlar\u0131"},"content":{"rendered":"<div class=\"fancy_images\"><div class=\"fancy_image\"><a rel=\"prettyPhoto[fancy_img_group_258]\" href=\"http:\/\/www.anadolupnomatik.com.tr\/wp-content\/uploads\/2014\/01\/130.jpg\" title=\"\" class=\"fancy_image_load\" style=\"background:no-repeat center center;display:block;position:relative;height:178px;width:276px;\"><span class=\"noscript\"><img loading=\"lazy\" decoding=\"async\" class=\"hover_fade_js\" src=\"https:\/\/www.anadolupnomatik.com.tr\/wp-content\/themes\/awake\/lib\/scripts\/timthumb\/thumb.php?src=http:\/\/www.anadolupnomatik.com.tr\/wp-content\/uploads\/2014\/01\/130.jpg&#038;w=258&#038;h=160&#038;zc=1&#038;q=100\" title=\"\" alt=\"\" width=\"258\" height=\"160\" \/><\/span><div class=\"mysite_preloader\"><img decoding=\"async\" src=\"https:\/\/www.anadolupnomatik.com.tr\/wp-content\/themes\/awake\/images\/assets\/transparent.gif\" style=\"background-image: url(https:\/\/www.anadolupnomatik.com.tr\/wp-content\/themes\/awake\/images\/assets\/preloader.png);background-position:left center;\"><\/div><\/a><\/div><div class=\"fancy_image\"><a rel=\"prettyPhoto[fancy_img_group_258]\" href=\"http:\/\/www.anadolupnomatik.com.tr\/wp-content\/uploads\/2014\/01\/2625427.jpg\" title=\"\" class=\"fancy_image_load\" style=\"background:no-repeat center center;display:block;position:relative;height:178px;width:276px;\"><span class=\"noscript\"><img loading=\"lazy\" decoding=\"async\" class=\"hover_fade_js\" src=\"https:\/\/www.anadolupnomatik.com.tr\/wp-content\/themes\/awake\/lib\/scripts\/timthumb\/thumb.php?src=http:\/\/www.anadolupnomatik.com.tr\/wp-content\/uploads\/2014\/01\/2625427.jpg&#038;w=258&#038;h=160&#038;zc=1&#038;q=100\" title=\"\" alt=\"\" width=\"258\" height=\"160\" \/><\/span><div class=\"mysite_preloader\"><img decoding=\"async\" src=\"https:\/\/www.anadolupnomatik.com.tr\/wp-content\/themes\/awake\/images\/assets\/transparent.gif\" style=\"background-image: url(https:\/\/www.anadolupnomatik.com.tr\/wp-content\/themes\/awake\/images\/assets\/preloader.png);background-position:left center;\"><\/div><\/a><\/div><div class=\"fancy_image\"><a rel=\"prettyPhoto[fancy_img_group_258]\" href=\"http:\/\/www.anadolupnomatik.com.tr\/wp-content\/uploads\/2014\/01\/paslanmazfitting.jpg\" title=\"\" class=\"fancy_image_load\" style=\"background:no-repeat center center;display:block;position:relative;height:178px;width:276px;\"><span class=\"noscript\"><img loading=\"lazy\" decoding=\"async\" class=\"hover_fade_js\" src=\"https:\/\/www.anadolupnomatik.com.tr\/wp-content\/themes\/awake\/lib\/scripts\/timthumb\/thumb.php?src=http:\/\/www.anadolupnomatik.com.tr\/wp-content\/uploads\/2014\/01\/paslanmazfitting.jpg&#038;w=258&#038;h=160&#038;zc=1&#038;q=100\" title=\"\" alt=\"\" width=\"258\" height=\"160\" \/><\/span><div class=\"mysite_preloader\"><img decoding=\"async\" src=\"https:\/\/www.anadolupnomatik.com.tr\/wp-content\/themes\/awake\/images\/assets\/transparent.gif\" style=\"background-image: url(https:\/\/www.anadolupnomatik.com.tr\/wp-content\/themes\/awake\/images\/assets\/preloader.png);background-position:left center;\"><\/div><\/a><\/div><\/div>","protected":false},"excerpt":{"rendered":"","protected":false},"author":1,"featured_media":0,"parent":0,"menu_order":0,"comment_status":"open","ping_status":"open","template":"","meta":{"footnotes":""},"class_list":["post-555","page","type-page","status-publish","hentry"],"_links":{"self":[{"href":"https:\/\/www.anadolupnomatik.com.tr\/index.php?rest_route=\/wp\/v2\/pages\/555","targetHints":{"allow":["GET"]}}],"collection":[{"href":"https:\/\/www.anadolupnomatik.com.tr\/index.php?rest_route=\/wp\/v2\/pages"}],"about":[{"href":"https:\/\/www.anadolupnomatik.com.tr\/index.php?rest_route=\/wp\/v2\/types\/page"}],"author":[{"embeddable":true,"href":"https:\/\/www.anadolupnomatik.com.tr\/index.php?rest_route=\/wp\/v2\/users\/1"}],"replies":[{"embeddable":true,"href":"https:\/\/www.anadolupnomatik.com.tr\/index.php?rest_route=%2Fwp%2Fv2%2Fcomments&post=555"}],"version-history":[{"count":2,"href":"https:\/\/www.anadolupnomatik.com.tr\/index.php?rest_route=\/wp\/v2\/pages\/555\/revisions"}],"predecessor-version":[{"id":942,"href":"https:\/\/www.anadolupnomatik.com.tr\/index.php?rest_route=\/wp\/v2\/pages\/555\/revisions\/942"}],"wp:attachment":[{"href":"https:\/\/www.anadolupnomatik.com.tr\/index.php?rest_route=%2Fwp%2Fv2%2Fmedia&parent=555"}],"curies":[{"name":"wp","href":"https:\/\/api.w.org\/{rel}","templated":true}]}}