{"id":443,"date":"2014-01-27T12:32:31","date_gmt":"2014-01-27T12:32:31","guid":{"rendered":"http:\/\/www.anadolupnomatik.com.tr\/?page_id=443"},"modified":"2014-02-04T10:50:07","modified_gmt":"2014-02-04T10:50:07","slug":"silindir-baglantilari","status":"publish","type":"page","link":"https:\/\/www.anadolupnomatik.com.tr\/?page_id=443","title":{"rendered":"silindir ba\u011flant\u0131lar\u0131"},"content":{"rendered":"<div class=\"fancy_images\"><div class=\"fancy_image\"><a rel=\"prettyPhoto[fancy_img_group_645]\" href=\"http:\/\/www.anadolupnomatik.com.tr\/wp-content\/uploads\/2014\/02\/11.jpg\" title=\"\" class=\"fancy_image_load\" style=\"background:no-repeat center center;display:block;position:relative;height:178px;width:276px;\"><span class=\"noscript\"><img loading=\"lazy\" decoding=\"async\" class=\"hover_fade_js\" src=\"https:\/\/www.anadolupnomatik.com.tr\/wp-content\/themes\/awake\/lib\/scripts\/timthumb\/thumb.php?src=http:\/\/www.anadolupnomatik.com.tr\/wp-content\/uploads\/2014\/02\/11.jpg&#038;w=258&#038;h=160&#038;zc=1&#038;q=100\" title=\"\" alt=\"\" width=\"258\" height=\"160\" \/><\/span><div class=\"mysite_preloader\"><img decoding=\"async\" src=\"https:\/\/www.anadolupnomatik.com.tr\/wp-content\/themes\/awake\/images\/assets\/transparent.gif\" style=\"background-image: url(https:\/\/www.anadolupnomatik.com.tr\/wp-content\/themes\/awake\/images\/assets\/preloader.png);background-position:left center;\"><\/div><\/a><\/div><div class=\"fancy_image\"><a rel=\"prettyPhoto[fancy_img_group_645]\" href=\"http:\/\/www.anadolupnomatik.com.tr\/wp-content\/uploads\/2014\/02\/21.jpg\" title=\"\" class=\"fancy_image_load\" style=\"background:no-repeat center center;display:block;position:relative;height:178px;width:276px;\"><span class=\"noscript\"><img loading=\"lazy\" decoding=\"async\" class=\"hover_fade_js\" src=\"https:\/\/www.anadolupnomatik.com.tr\/wp-content\/themes\/awake\/lib\/scripts\/timthumb\/thumb.php?src=http:\/\/www.anadolupnomatik.com.tr\/wp-content\/uploads\/2014\/02\/21.jpg&#038;w=258&#038;h=160&#038;zc=1&#038;q=100\" title=\"\" alt=\"\" width=\"258\" height=\"160\" \/><\/span><div class=\"mysite_preloader\"><img decoding=\"async\" src=\"https:\/\/www.anadolupnomatik.com.tr\/wp-content\/themes\/awake\/images\/assets\/transparent.gif\" style=\"background-image: url(https:\/\/www.anadolupnomatik.com.tr\/wp-content\/themes\/awake\/images\/assets\/preloader.png);background-position:left center;\"><\/div><\/a><\/div><div class=\"fancy_image\"><a rel=\"prettyPhoto[fancy_img_group_645]\" href=\"http:\/\/www.anadolupnomatik.com.tr\/wp-content\/uploads\/2014\/02\/31.jpg\" title=\"\" class=\"fancy_image_load\" style=\"background:no-repeat center center;display:block;position:relative;height:178px;width:276px;\"><span class=\"noscript\"><img loading=\"lazy\" decoding=\"async\" class=\"hover_fade_js\" src=\"https:\/\/www.anadolupnomatik.com.tr\/wp-content\/themes\/awake\/lib\/scripts\/timthumb\/thumb.php?src=http:\/\/www.anadolupnomatik.com.tr\/wp-content\/uploads\/2014\/02\/31.jpg&#038;w=258&#038;h=160&#038;zc=1&#038;q=100\" title=\"\" alt=\"\" width=\"258\" height=\"160\" \/><\/span><div class=\"mysite_preloader\"><img decoding=\"async\" src=\"https:\/\/www.anadolupnomatik.com.tr\/wp-content\/themes\/awake\/images\/assets\/transparent.gif\" style=\"background-image: url(https:\/\/www.anadolupnomatik.com.tr\/wp-content\/themes\/awake\/images\/assets\/preloader.png);background-position:left center;\"><\/div><\/a><\/div><div class=\"fancy_image\"><a rel=\"prettyPhoto[fancy_img_group_645]\" href=\"http:\/\/www.anadolupnomatik.com.tr\/wp-content\/uploads\/2014\/02\/41.jpg\" title=\"\" class=\"fancy_image_load\" style=\"background:no-repeat center center;display:block;position:relative;height:178px;width:276px;\"><span class=\"noscript\"><img loading=\"lazy\" decoding=\"async\" class=\"hover_fade_js\" src=\"https:\/\/www.anadolupnomatik.com.tr\/wp-content\/themes\/awake\/lib\/scripts\/timthumb\/thumb.php?src=http:\/\/www.anadolupnomatik.com.tr\/wp-content\/uploads\/2014\/02\/41.jpg&#038;w=258&#038;h=160&#038;zc=1&#038;q=100\" title=\"\" alt=\"\" width=\"258\" height=\"160\" \/><\/span><div class=\"mysite_preloader\"><img decoding=\"async\" src=\"https:\/\/www.anadolupnomatik.com.tr\/wp-content\/themes\/awake\/images\/assets\/transparent.gif\" style=\"background-image: url(https:\/\/www.anadolupnomatik.com.tr\/wp-content\/themes\/awake\/images\/assets\/preloader.png);background-position:left center;\"><\/div><\/a><\/div><div class=\"fancy_image\"><a rel=\"prettyPhoto[fancy_img_group_645]\" href=\"http:\/\/www.anadolupnomatik.com.tr\/wp-content\/uploads\/2014\/02\/5.jpg\" title=\"\" class=\"fancy_image_load\" style=\"background:no-repeat center center;display:block;position:relative;height:178px;width:276px;\"><span class=\"noscript\"><img loading=\"lazy\" decoding=\"async\" class=\"hover_fade_js\" src=\"https:\/\/www.anadolupnomatik.com.tr\/wp-content\/themes\/awake\/lib\/scripts\/timthumb\/thumb.php?src=http:\/\/www.anadolupnomatik.com.tr\/wp-content\/uploads\/2014\/02\/5.jpg&#038;w=258&#038;h=160&#038;zc=1&#038;q=100\" title=\"\" alt=\"\" width=\"258\" height=\"160\" \/><\/span><div class=\"mysite_preloader\"><img decoding=\"async\" src=\"https:\/\/www.anadolupnomatik.com.tr\/wp-content\/themes\/awake\/images\/assets\/transparent.gif\" style=\"background-image: url(https:\/\/www.anadolupnomatik.com.tr\/wp-content\/themes\/awake\/images\/assets\/preloader.png);background-position:left center;\"><\/div><\/a><\/div><div class=\"fancy_image\"><a rel=\"prettyPhoto[fancy_img_group_645]\" href=\"http:\/\/www.anadolupnomatik.com.tr\/wp-content\/uploads\/2014\/02\/61.jpg\" title=\"\" class=\"fancy_image_load\" style=\"background:no-repeat center center;display:block;position:relative;height:178px;width:276px;\"><span class=\"noscript\"><img loading=\"lazy\" decoding=\"async\" class=\"hover_fade_js\" src=\"https:\/\/www.anadolupnomatik.com.tr\/wp-content\/themes\/awake\/lib\/scripts\/timthumb\/thumb.php?src=http:\/\/www.anadolupnomatik.com.tr\/wp-content\/uploads\/2014\/02\/61.jpg&#038;w=258&#038;h=160&#038;zc=1&#038;q=100\" title=\"\" alt=\"\" width=\"258\" height=\"160\" \/><\/span><div class=\"mysite_preloader\"><img decoding=\"async\" src=\"https:\/\/www.anadolupnomatik.com.tr\/wp-content\/themes\/awake\/images\/assets\/transparent.gif\" style=\"background-image: url(https:\/\/www.anadolupnomatik.com.tr\/wp-content\/themes\/awake\/images\/assets\/preloader.png);background-position:left center;\"><\/div><\/a><\/div><\/div>","protected":false},"excerpt":{"rendered":"","protected":false},"author":1,"featured_media":0,"parent":0,"menu_order":0,"comment_status":"open","ping_status":"open","template":"","meta":{"footnotes":""},"class_list":["post-443","page","type-page","status-publish","hentry"],"_links":{"self":[{"href":"https:\/\/www.anadolupnomatik.com.tr\/index.php?rest_route=\/wp\/v2\/pages\/443","targetHints":{"allow":["GET"]}}],"collection":[{"href":"https:\/\/www.anadolupnomatik.com.tr\/index.php?rest_route=\/wp\/v2\/pages"}],"about":[{"href":"https:\/\/www.anadolupnomatik.com.tr\/index.php?rest_route=\/wp\/v2\/types\/page"}],"author":[{"embeddable":true,"href":"https:\/\/www.anadolupnomatik.com.tr\/index.php?rest_route=\/wp\/v2\/users\/1"}],"replies":[{"embeddable":true,"href":"https:\/\/www.anadolupnomatik.com.tr\/index.php?rest_route=%2Fwp%2Fv2%2Fcomments&post=443"}],"version-history":[{"count":2,"href":"https:\/\/www.anadolupnomatik.com.tr\/index.php?rest_route=\/wp\/v2\/pages\/443\/revisions"}],"predecessor-version":[{"id":992,"href":"https:\/\/www.anadolupnomatik.com.tr\/index.php?rest_route=\/wp\/v2\/pages\/443\/revisions\/992"}],"wp:attachment":[{"href":"https:\/\/www.anadolupnomatik.com.tr\/index.php?rest_route=%2Fwp%2Fv2%2Fmedia&parent=443"}],"curies":[{"name":"wp","href":"https:\/\/api.w.org\/{rel}","templated":true}]}}