{"id":231,"date":"2013-07-01T10:20:27","date_gmt":"2013-07-01T10:20:27","guid":{"rendered":"http:\/\/www.anadolupnomatik.com.tr\/?page_id=231"},"modified":"2013-07-01T10:20:27","modified_gmt":"2013-07-01T10:20:27","slug":"basinc-olcer","status":"publish","type":"page","link":"https:\/\/www.anadolupnomatik.com.tr\/?page_id=231","title":{"rendered":"Bas\u0131n\u00e7 \u00d6l\u00e7er"},"content":{"rendered":"<p><img loading=\"lazy\" decoding=\"async\" class=\"alignnone size-full wp-image-232\" alt=\"basincolcer\" src=\"http:\/\/www.anadolupnomatik.com.tr\/wp-content\/uploads\/2013\/07\/basincolcer.jpg\" width=\"880\" height=\"1859\" srcset=\"https:\/\/www.anadolupnomatik.com.tr\/wp-content\/uploads\/2013\/07\/basincolcer.jpg 880w, https:\/\/www.anadolupnomatik.com.tr\/wp-content\/uploads\/2013\/07\/basincolcer-142x300.jpg 142w\" sizes=\"auto, (max-width: 880px) 100vw, 880px\" \/><\/p>\n","protected":false},"excerpt":{"rendered":"","protected":false},"author":1,"featured_media":0,"parent":0,"menu_order":0,"comment_status":"open","ping_status":"open","template":"","meta":{"footnotes":""},"class_list":["post-231","page","type-page","status-publish","hentry"],"_links":{"self":[{"href":"https:\/\/www.anadolupnomatik.com.tr\/index.php?rest_route=\/wp\/v2\/pages\/231","targetHints":{"allow":["GET"]}}],"collection":[{"href":"https:\/\/www.anadolupnomatik.com.tr\/index.php?rest_route=\/wp\/v2\/pages"}],"about":[{"href":"https:\/\/www.anadolupnomatik.com.tr\/index.php?rest_route=\/wp\/v2\/types\/page"}],"author":[{"embeddable":true,"href":"https:\/\/www.anadolupnomatik.com.tr\/index.php?rest_route=\/wp\/v2\/users\/1"}],"replies":[{"embeddable":true,"href":"https:\/\/www.anadolupnomatik.com.tr\/index.php?rest_route=%2Fwp%2Fv2%2Fcomments&post=231"}],"version-history":[{"count":1,"href":"https:\/\/www.anadolupnomatik.com.tr\/index.php?rest_route=\/wp\/v2\/pages\/231\/revisions"}],"predecessor-version":[{"id":233,"href":"https:\/\/www.anadolupnomatik.com.tr\/index.php?rest_route=\/wp\/v2\/pages\/231\/revisions\/233"}],"wp:attachment":[{"href":"https:\/\/www.anadolupnomatik.com.tr\/index.php?rest_route=%2Fwp%2Fv2%2Fmedia&parent=231"}],"curies":[{"name":"wp","href":"https:\/\/api.w.org\/{rel}","templated":true}]}}